{"id":39,"date":"2023-11-15T11:34:46","date_gmt":"2023-11-15T10:34:46","guid":{"rendered":"https:\/\/volebnisrovnavac.freshcrackers.cz\/?page_id=39"},"modified":"2023-11-15T12:45:38","modified_gmt":"2023-11-15T11:45:38","slug":"politici","status":"publish","type":"page","link":"https:\/\/volebnisrovnavac.freshcrackers.cz\/?page_id=39","title":{"rendered":"Politici"},"content":{"rendered":"\t\t<div data-elementor-type=\"wp-page\" data-elementor-id=\"39\" class=\"elementor elementor-39\" data-elementor-post-type=\"page\">\n\t\t\t\t<div class=\"elementor-element elementor-element-02cf377 e-flex e-con-boxed e-con e-parent\" data-id=\"02cf377\" data-element_type=\"container\" data-e-type=\"container\">\n\t\t\t\t\t<div class=\"e-con-inner\">\n\t\t\t\t<div class=\"elementor-element elementor-element-b10b845 elementor-grid-3 elementor-grid-tablet-2 elementor-grid-mobile-1 elementor-posts--thumbnail-top elementor-widget elementor-widget-posts\" data-id=\"b10b845\" data-element_type=\"widget\" data-e-type=\"widget\" data-settings=\"{&quot;pagination_type&quot;:&quot;numbers&quot;,&quot;classic_columns&quot;:&quot;3&quot;,&quot;classic_columns_tablet&quot;:&quot;2&quot;,&quot;classic_columns_mobile&quot;:&quot;1&quot;,&quot;classic_row_gap&quot;:{&quot;unit&quot;:&quot;px&quot;,&quot;size&quot;:35,&quot;sizes&quot;:[]},&quot;classic_row_gap_tablet&quot;:{&quot;unit&quot;:&quot;px&quot;,&quot;size&quot;:&quot;&quot;,&quot;sizes&quot;:[]},&quot;classic_row_gap_mobile&quot;:{&quot;unit&quot;:&quot;px&quot;,&quot;size&quot;:&quot;&quot;,&quot;sizes&quot;:[]}}\" data-widget_type=\"posts.classic\">\n\t\t\t\t<div class=\"elementor-widget-container\">\n\t\t\t\t\t\t\t<div class=\"elementor-posts-container elementor-posts elementor-posts--skin-classic elementor-grid\" role=\"list\">\n\t\t\t\t<article class=\"elementor-post elementor-grid-item post-42 post type-post status-publish format-standard hentry category-politici tag-socialni-demokracie\" role=\"listitem\">\n\t\t\t\t<div class=\"elementor-post__text\">\n\t\t\t\t<h3 class=\"elementor-post__title\">\n\t\t\t<a href=\"https:\/\/volebnisrovnavac.freshcrackers.cz\/?p=42\" >\n\t\t\t\tMichal \u0160marda\t\t\t<\/a>\n\t\t<\/h3>\n\t\t\t\t<div class=\"elementor-post__meta-data\">\n\t\t\t\t\t<span class=\"elementor-post-date\">\n\t\t\t15 listopadu, 2023\t\t<\/span>\n\t\t\t\t<span class=\"elementor-post-avatar\">\n\t\t\t\u017d\u00e1dn\u00e9 koment\u00e1\u0159e\t\t<\/span>\n\t\t\t\t<\/div>\n\t\t\t\t<div class=\"elementor-post__excerpt\">\n\t\t\t<p>Michal \u0160marda\u00a0(*\u00a06. \u010dervence\u00a01975\u00a0Nov\u00e9 M\u011bsto na Morav\u011b) je \u010desk\u00fd politik, od prosince 2021\u00a0p\u0159edseda\u00a0Soci\u00e1ln\u00ed demokracie. V letech 2019 a\u017e 2021 p\u016fsobil jako m\u00edstop\u0159edseda strany. V roce 2006<\/p>\n\t\t<\/div>\n\t\t\n\t\t<a class=\"elementor-post__read-more\" href=\"https:\/\/volebnisrovnavac.freshcrackers.cz\/?p=42\" aria-label=\"Read more about Michal \u0160marda\" tabindex=\"-1\" >\n\t\t\tZobrazit \u00bb\t\t<\/a>\n\n\t\t\t\t<\/div>\n\t\t\t\t<\/article>\n\t\t\t\t<\/div>\n\t\t\n\t\t\t\t\t\t<\/div>\n\t\t\t\t<\/div>\n\t\t\t\t\t<\/div>\n\t\t\t\t<\/div>\n\t\t\t\t<\/div>\n\t\t","protected":false},"excerpt":{"rendered":"","protected":false},"author":2,"featured_media":0,"parent":0,"menu_order":0,"comment_status":"closed","ping_status":"closed","template":"","meta":{"footnotes":""},"class_list":["post-39","page","type-page","status-publish","hentry"],"_links":{"self":[{"href":"https:\/\/volebnisrovnavac.freshcrackers.cz\/index.php?rest_route=\/wp\/v2\/pages\/39","targetHints":{"allow":["GET"]}}],"collection":[{"href":"https:\/\/volebnisrovnavac.freshcrackers.cz\/index.php?rest_route=\/wp\/v2\/pages"}],"about":[{"href":"https:\/\/volebnisrovnavac.freshcrackers.cz\/index.php?rest_route=\/wp\/v2\/types\/page"}],"author":[{"embeddable":true,"href":"https:\/\/volebnisrovnavac.freshcrackers.cz\/index.php?rest_route=\/wp\/v2\/users\/2"}],"replies":[{"embeddable":true,"href":"https:\/\/volebnisrovnavac.freshcrackers.cz\/index.php?rest_route=%2Fwp%2Fv2%2Fcomments&post=39"}],"version-history":[{"count":5,"href":"https:\/\/volebnisrovnavac.freshcrackers.cz\/index.php?rest_route=\/wp\/v2\/pages\/39\/revisions"}],"predecessor-version":[{"id":84,"href":"https:\/\/volebnisrovnavac.freshcrackers.cz\/index.php?rest_route=\/wp\/v2\/pages\/39\/revisions\/84"}],"wp:attachment":[{"href":"https:\/\/volebnisrovnavac.freshcrackers.cz\/index.php?rest_route=%2Fwp%2Fv2%2Fmedia&parent=39"}],"curies":[{"name":"wp","href":"https:\/\/api.w.org\/{rel}","templated":true}]}}