{"id":11,"date":"2023-11-15T11:25:42","date_gmt":"2023-11-15T10:25:42","guid":{"rendered":"https:\/\/volebnisrovnavac.freshcrackers.cz\/?page_id=11"},"modified":"2024-01-03T02:54:45","modified_gmt":"2024-01-03T01:54:45","slug":"co-pisi-media","status":"publish","type":"page","link":"https:\/\/volebnisrovnavac.freshcrackers.cz\/?page_id=11","title":{"rendered":"Co p\u00ed\u0161\u00ed m\u00e9dia"},"content":{"rendered":"\t\t<div data-elementor-type=\"wp-post\" data-elementor-id=\"11\" class=\"elementor elementor-11\" data-elementor-post-type=\"page\">\n\t\t\t\t<div class=\"elementor-element elementor-element-a2329a7 e-flex e-con-boxed e-con e-parent\" data-id=\"a2329a7\" data-element_type=\"container\" data-e-type=\"container\">\n\t\t\t\t\t<div class=\"e-con-inner\">\n\t\t<div class=\"elementor-element elementor-element-95e8b56 e-flex e-con-boxed e-con e-child\" data-id=\"95e8b56\" data-element_type=\"container\" data-e-type=\"container\">\n\t\t\t\t\t<div class=\"e-con-inner\">\n\t\t\t\t<div class=\"elementor-element elementor-element-63a92d4 elementor-widget elementor-widget-heading\" data-id=\"63a92d4\" data-element_type=\"widget\" data-e-type=\"widget\" data-widget_type=\"heading.default\">\n\t\t\t\t<div class=\"elementor-widget-container\">\n\t\t\t\t\t<h3 class=\"elementor-heading-title elementor-size-default\">Lidovky<\/h3>\t\t\t\t<\/div>\n\t\t\t\t<\/div>\n\t\t\t\t<div class=\"elementor-element elementor-element-eb2cdef elementor-widget elementor-widget-wp-widget-rss\" data-id=\"eb2cdef\" data-element_type=\"widget\" data-e-type=\"widget\" data-widget_type=\"wp-widget-rss.default\">\n\t\t\t\t<div class=\"elementor-widget-container\">\n\t\t\t\t\t<h5><a class=\"rsswidget rss-widget-feed\" href=\"https:\/\/servis.lidovky.cz\/rss.aspx?r=ceskapozice\"><img decoding=\"async\" class=\"rss-widget-icon\" style=\"border:0\" width=\"14\" height=\"14\" src=\"https:\/\/volebnisrovnavac.freshcrackers.cz\/wp-includes\/images\/rss.png\" alt=\"RSS\" \/><\/a> <a class=\"rsswidget rss-widget-title\" href=\"https:\/\/www.lidovky.cz\/ceska-pozice\">\u010cesk\u00e1 pozice | Informace pro svobodn\u00e9 lidi<\/a><\/h5><ul><li><a class='rsswidget' href='https:\/\/www.lidovky.cz\/ceska-pozice\/omluva-panu-ivanu-langerovi.A210720_012527_pozice-tema_lube#utm_source=rss&#038;utm_medium=feed&#038;utm_campaign=ceskapozice&#038;utm_content=main'>Omluva panu Ivanu Langerovi<\/a> <span class=\"rss-date\">27 \u0159\u00edjna, 2021<\/span><\/li><li><a class='rsswidget' href='https:\/\/www.lidovky.cz\/ceska-pozice\/ministr-pro-evropu-proc-ne.A210715_134031_pozice-forum_lube#utm_source=rss&#038;utm_medium=feed&#038;utm_campaign=ceskapozice&#038;utm_content=main'>Ministr pro Evropu? Pro\u010d ne<\/a> <span class=\"rss-date\">26 \u0159\u00edjna, 2021<\/span><\/li><li><a class='rsswidget' href='https:\/\/www.lidovky.cz\/ceska-pozice\/dva-ukoly-nove-moci.A210720_010532_pozice-forum_lube#utm_source=rss&#038;utm_medium=feed&#038;utm_campaign=ceskapozice&#038;utm_content=main'>Dva \u00fakoly nov\u00e9 moci<\/a> <span class=\"rss-date\">26 \u0159\u00edjna, 2021<\/span><\/li><li><a class='rsswidget' href='https:\/\/www.lidovky.cz\/ceska-pozice\/inflace-v-zajimavych-casech.A210721_163021_pozice-tema_lube#utm_source=rss&#038;utm_medium=feed&#038;utm_campaign=ceskapozice&#038;utm_content=main'>Inflace v zaj\u00edmav\u00fdch \u010dasech<\/a> <span class=\"rss-date\">26 \u0159\u00edjna, 2021<\/span><\/li><li><a class='rsswidget' href='https:\/\/www.lidovky.cz\/ceska-pozice\/vakcina-z-macronovy-laboratore.A210726_150609_pozice-forum_lube#utm_source=rss&#038;utm_medium=feed&#038;utm_campaign=ceskapozice&#038;utm_content=main'>Vakc\u00edna z Macronovy laborato\u0159e<\/a> <span class=\"rss-date\">26 \u0159\u00edjna, 2021<\/span><\/li><li><a class='rsswidget' href='https:\/\/www.lidovky.cz\/ceska-pozice\/na-post-sefa-justice-se-nezenu.A210721_160427_pozice-tema_lube#utm_source=rss&#038;utm_medium=feed&#038;utm_campaign=ceskapozice&#038;utm_content=main'>Na post \u0161\u00e9fa justice se ne\u017eenu<\/a> <span class=\"rss-date\">25 \u0159\u00edjna, 2021<\/span><\/li><li><a class='rsswidget' href='https:\/\/www.lidovky.cz\/ceska-pozice\/jak-pomoci-eurokomisarce-vere-jourove-v-boji-eu-proti-dezinformacim.A210711_000537_pozice-tema_lube#utm_source=rss&#038;utm_medium=feed&#038;utm_campaign=ceskapozice&#038;utm_content=main'>Jak pomoci eurokomisa\u0159ce V\u011b\u0159e Jourov\u00e9 v boji EU proti dezinformac\u00edm<\/a> <span class=\"rss-date\">31 \u010dervence, 2021<\/span><\/li><li><a class='rsswidget' href='https:\/\/www.lidovky.cz\/ceska-pozice\/zidovske-dejiny-bezdomovectvi-exil-i-zivot-pod-vlastni-vladou.A210629_133521_pozice-tema_lube#utm_source=rss&#038;utm_medium=feed&#038;utm_campaign=ceskapozice&#038;utm_content=main'>\u017didovsk\u00e9 d\u011bjiny: Bezdomovectv\u00ed, exil i \u017eivot pod vlastn\u00ed vl\u00e1dou<\/a> <span class=\"rss-date\">31 \u010dervence, 2021<\/span><\/li><li><a class='rsswidget' href='https:\/\/www.lidovky.cz\/ceska-pozice\/prohra-multikulturalismu-vyhra-italu-na-mistrovstvi-evropy-ve-fotbale.A210726_170034_pozice-forum_lube#utm_source=rss&#038;utm_medium=feed&#038;utm_campaign=ceskapozice&#038;utm_content=main'>Prohra multikulturalismu: V\u00fdhra Ital\u016f na mistrovstv\u00ed Evropy ve fotbale<\/a> <span class=\"rss-date\">30 \u010dervence, 2021<\/span><\/li><li><a class='rsswidget' href='https:\/\/www.lidovky.cz\/ceska-pozice\/konzervativci-museji-objevit-nove-ideje-stare-se-uz-vycerpaly.A210629_132526_pozice-tema_lube#utm_source=rss&#038;utm_medium=feed&#038;utm_campaign=ceskapozice&#038;utm_content=main'>Konzervativci musej\u00ed objevit nov\u00e9 ideje. Star\u00e9 se u\u017e vy\u010derpaly<\/a> <span class=\"rss-date\">30 \u010dervence, 2021<\/span><\/li><\/ul>\t\t\t\t<\/div>\n\t\t\t\t<\/div>\n\t\t\t\t\t<\/div>\n\t\t\t\t<\/div>\n\t\t<div class=\"elementor-element elementor-element-2926f7b e-flex e-con-boxed e-con e-child\" data-id=\"2926f7b\" data-element_type=\"container\" data-e-type=\"container\">\n\t\t\t\t\t<div class=\"e-con-inner\">\n\t\t\t\t<div class=\"elementor-element elementor-element-9f211f6 elementor-widget elementor-widget-heading\" data-id=\"9f211f6\" data-element_type=\"widget\" data-e-type=\"widget\" data-widget_type=\"heading.default\">\n\t\t\t\t<div class=\"elementor-widget-container\">\n\t\t\t\t\t<h3 class=\"elementor-heading-title elementor-size-default\">Hospod\u00e1\u0159sk\u00e9 noviny<\/h3>\t\t\t\t<\/div>\n\t\t\t\t<\/div>\n\t\t\t\t<div class=\"elementor-element elementor-element-e9050ab elementor-widget elementor-widget-wp-widget-rss\" data-id=\"e9050ab\" data-element_type=\"widget\" data-e-type=\"widget\" data-widget_type=\"wp-widget-rss.default\">\n\t\t\t\t<div class=\"elementor-widget-container\">\n\t\t\t\t\t<h5><a class=\"rsswidget rss-widget-feed\" href=\"https:\/\/domaci.hn.cz\/?m=rss\"><img decoding=\"async\" class=\"rss-widget-icon\" style=\"border:0\" width=\"14\" height=\"14\" src=\"https:\/\/volebnisrovnavac.freshcrackers.cz\/wp-includes\/images\/rss.png\" alt=\"RSS\" \/><\/a> <a class=\"rsswidget rss-widget-title\" href=\"https:\/\/domaci.hn.cz\/\">Hospod\u00e1\u0159sk\u00e9 noviny &#8211; Dom\u00e1c\u00ed<\/a><\/h5><ul><li><a class='rsswidget' href='https:\/\/domaci.hn.cz\/c1-67867730-pri-protahovani-je-nejdulezitejsi-pravidlo-30-vterin-jak-funguje-a-proc-na-nej-po-sportu-nikdy-nezapominat'>P\u0159i protahov\u00e1n\u00ed je nejd\u016fle\u017eit\u011bj\u0161\u00ed pravidlo 30 vte\u0159in. Jak funguje a pro\u010d na n\u011bj po sportu nikdy nezapom\u00ednat?<\/a> <span class=\"rss-date\">16 dubna, 2026<\/span> <cite>Michaela Ry\u0161av\u00e1<\/cite><\/li><li><a class='rsswidget' href='https:\/\/domaci.hn.cz\/c1-67867540-proc-ma-sef-motoristu-petr-macinka-vizitky-z-plastu-zvysuju-tim-vlastni-uhlikovou-stopu-chlubi-se'>Pro\u010d m\u00e1 \u0161\u00e9f Motorist\u016f Petr Macinka vizitky z plastu? Zvy\u0161uju t\u00edm vlastn\u00ed uhl\u00edkovou stopu, chlub\u00ed se<\/a> <span class=\"rss-date\">16 dubna, 2026<\/span> <cite>Ond\u0159ej Houska<\/cite><\/li><li><a class='rsswidget' href='https:\/\/domaci.hn.cz\/c1-67867850-na-summit-nato-muzu-jet-ja-i-babis-mini-prezident-s-macinkou-se-o-tom-bavit-nebudu-je-pouze-vykonavatelem-dodal'>Na summit NATO mohu jet j\u00e1 i Babi\u0161, m\u00edn\u00ed prezident. S Macinkou se o tom bavit nebudu, je pouze vykonavatelem, dodal<\/a> <span class=\"rss-date\">16 dubna, 2026<\/span> <cite>\u010cTK<\/cite><\/li><li><a class='rsswidget' href='https:\/\/domaci.hn.cz\/c1-67838670-navrat-na-mesic-je-v-zajmu-celeho-zapadu-dalsim-krokem-bude-expedice-na-mars-rika-vedec-petr-broz'>N\u00e1vrat na M\u011bs\u00edc je v z\u00e1jmu cel\u00e9ho Z\u00e1padu. Dal\u0161\u00edm krokem bude expedice na Mars, \u0159\u00edk\u00e1 v\u011bdec Petr Bro\u017e<\/a> <span class=\"rss-date\">16 dubna, 2026<\/span> <cite>Josef Pravec<\/cite><\/li><li><a class='rsswidget' href='https:\/\/archiv.hn.cz\/c1-67867080-teoreticky-rovnopravne-v-praxi-tercem-utoku-verejne-aktivni-zeny-si-zaslouzi-vetsi-podporu'>Teoreticky rovnopr\u00e1vn\u00e9,  v praxi ter\u010dem \u00fatok\u016f. Ve\u0159ejn\u011b aktivn\u00ed \u017eeny si zaslou\u017e\u00ed v\u011bt\u0161\u00ed podporu<\/a> <span class=\"rss-date\">15 dubna, 2026<\/span> <cite>Ane\u017eka Hesov\u00e1<\/cite><\/li><li><a class='rsswidget' href='https:\/\/archiv.hn.cz\/c1-67867520-pracnejsi-zadavani-zakazek-setri-stovky-milionu-tvrdi-sprava-zeleznic-ale-dalsi-firmy-chce-k-zakazkam-poustet-jen-opatrne'>Pracn\u011bj\u0161\u00ed zad\u00e1v\u00e1n\u00ed zak\u00e1zek \u0161et\u0159\u00ed stovky milion\u016f, tvrd\u00ed Spr\u00e1va \u017eeleznic. Ale dal\u0161\u00ed firmy chce k zak\u00e1zk\u00e1m pou\u0161t\u011bt jen opatrn\u011b<\/a> <span class=\"rss-date\">15 dubna, 2026<\/span> <cite>Jan T. Ber\u00e1nek<\/cite><\/li><\/ul>\t\t\t\t<\/div>\n\t\t\t\t<\/div>\n\t\t\t\t\t<\/div>\n\t\t\t\t<\/div>\n\t\t\t\t\t<\/div>\n\t\t\t\t<\/div>\n\t\t<div class=\"elementor-element elementor-element-4c78773 e-flex e-con-boxed e-con e-parent\" data-id=\"4c78773\" data-element_type=\"container\" data-e-type=\"container\">\n\t\t\t\t\t<div class=\"e-con-inner\">\n\t\t<div class=\"elementor-element elementor-element-531c784 e-flex e-con-boxed e-con e-child\" data-id=\"531c784\" data-element_type=\"container\" data-e-type=\"container\">\n\t\t\t\t\t<div class=\"e-con-inner\">\n\t\t\t\t<div class=\"elementor-element elementor-element-87031b3 elementor-widget elementor-widget-heading\" data-id=\"87031b3\" data-element_type=\"widget\" data-e-type=\"widget\" data-widget_type=\"heading.default\">\n\t\t\t\t<div class=\"elementor-widget-container\">\n\t\t\t\t\t<h3 class=\"elementor-heading-title elementor-size-default\">Parlamentn\u00ed listy<\/h3>\t\t\t\t<\/div>\n\t\t\t\t<\/div>\n\t\t\t\t<div class=\"elementor-element elementor-element-d5c82c0 elementor-widget elementor-widget-wp-widget-rss\" data-id=\"d5c82c0\" data-element_type=\"widget\" data-e-type=\"widget\" data-widget_type=\"wp-widget-rss.default\">\n\t\t\t\t<div class=\"elementor-widget-container\">\n\t\t\t\t\t<h5><a class=\"rsswidget rss-widget-feed\" href=\"https:\/\/www.parlamentnilisty.cz\/export\/rss.aspx?cid=1332\"><img decoding=\"async\" class=\"rss-widget-icon\" style=\"border:0\" width=\"14\" height=\"14\" src=\"https:\/\/volebnisrovnavac.freshcrackers.cz\/wp-includes\/images\/rss.png\" alt=\"RSS\" \/><\/a> <a class=\"rsswidget rss-widget-title\" href=\"https:\/\/www.parlamentnilisty.cz\/\">Parlamentn\u00edListy.cz<\/a><\/h5><ul><li><a class='rsswidget' href='https:\/\/www.parlamentnilisty.cz\/politika\/politici-volicum\/Hrazdil-PRO-Nerudova-strasi-Cesko-pokutami-a-zastavenim-penez-789995'>Hrazdil (PRO): Nerudov\u00e1 stra\u0161\u00ed \u010cesko pokutami a zastaven\u00edm pen\u011bz<\/a> <span class=\"rss-date\">16 dubna, 2026<\/span><\/li><li><a class='rsswidget' href='https:\/\/www.parlamentnilisty.cz\/politika\/vlada\/Scena-mezi-Macinkou-a-zenou-z-CT-Primo-pred-cizim-statnikem-790006'>Sc\u00e9na mezi Macinkou a \u017eenou z \u010cT. P\u0159\u00edmo p\u0159ed ciz\u00edm st\u00e1tn\u00edkem<\/a> <span class=\"rss-date\">16 dubna, 2026<\/span><\/li><li><a class='rsswidget' href='https:\/\/www.parlamentnilisty.cz\/politika\/politici-volicum\/Gregorova-Pirati-Platformy-dal-smiruji-soukrome-konverzace-789989'>Gregorov\u00e1 (Pir\u00e1ti): Platformy d\u00e1l \u0161m\u00edruj\u00ed soukrom\u00e9 konverzace<\/a> <span class=\"rss-date\">16 dubna, 2026<\/span><\/li><li><a class='rsswidget' href='https:\/\/www.parlamentnilisty.cz\/politika\/politici-volicum\/Cernochova-ODS-Prezidentovi-ulozi-domaci-vezeni-obranu-diriguje-ruska-pata-kolona-789974'>\u010cernochov\u00e1 (ODS): Prezidentovi ulo\u017e\u00ed dom\u00e1c\u00ed v\u011bzen\u00ed, obranu diriguje rusk\u00e1 p\u00e1t\u00e1 kolona<\/a> <span class=\"rss-date\">16 dubna, 2026<\/span><\/li><li><a class='rsswidget' href='https:\/\/www.parlamentnilisty.cz\/politika\/senat\/Odchazejici-Rehka-ma-zvazovat-kandidaturu-do-Senatu-za-STAN-789984'>Odch\u00e1zej\u00edc\u00ed \u0158ehka m\u00e1 zva\u017eovat kandidaturu do Sen\u00e1tu za STAN<\/a> <span class=\"rss-date\">16 dubna, 2026<\/span><\/li><li><a class='rsswidget' href='https:\/\/www.parlamentnilisty.cz\/politika\/politici-volicum\/Zdechovsky-KDU-CSL-Podal-jsem-ustavni-stiznost-proti-svemu-vyrazeni-z-aktivni-zalohy-789966'>Zdechovsk\u00fd (KDU-\u010cSL): Podal jsem \u00fastavn\u00ed st\u00ed\u017enost proti sv\u00e9mu vy\u0159azen\u00ed z aktivn\u00ed z\u00e1lohy<\/a> <span class=\"rss-date\">16 dubna, 2026<\/span><\/li><li><a class='rsswidget' href='https:\/\/www.parlamentnilisty.cz\/politika\/politici-volicum\/Flek-STAN-Cenzura-prezidenta-republiky-je-naprosto-neprijatelna-789960'>Flek (STAN): Cenzura prezidenta republiky je naprosto nep\u0159ijateln\u00e1<\/a> <span class=\"rss-date\">16 dubna, 2026<\/span><\/li><li><a class='rsswidget' href='https:\/\/www.parlamentnilisty.cz\/politika\/politici-volicum\/Zuna-TOP-09-Schillerove-skrty-prave-pripravily-Cesko-o-balistickou-i-dronovou-ochranu-789959'>Zuna (TOP 09): Schillerov\u00e9 \u0161krty pr\u00e1v\u011b p\u0159ipravily \u010cesko o balistickou i dronovou ochranu<\/a> <span class=\"rss-date\">16 dubna, 2026<\/span><\/li><li><a class='rsswidget' href='https:\/\/www.parlamentnilisty.cz\/politika\/politici-volicum\/Ministr-Vojtech-Ockovani-dlouhodobe-chrani-nejen-jednotlivce-ale-i-celou-spolecnost-789958'>Ministr Vojt\u011bch: O\u010dkov\u00e1n\u00ed dlouhodob\u011b chr\u00e1n\u00ed nejen jednotlivce, ale i celou spole\u010dnost<\/a> <span class=\"rss-date\">16 dubna, 2026<\/span><\/li><li><a class='rsswidget' href='https:\/\/www.parlamentnilisty.cz\/politika\/politici-volicum\/Berkovcova-ANO-Bez-reci-Bez-prostoru-Bez-ohledu-na-mensinu-789956'>Berkovcov\u00e1 (ANO): Bez \u0159e\u010d\u00ed. Bez prostoru. Bez ohledu na men\u0161inu<\/a> <span class=\"rss-date\">16 dubna, 2026<\/span><\/li><\/ul>\t\t\t\t<\/div>\n\t\t\t\t<\/div>\n\t\t\t\t\t<\/div>\n\t\t\t\t<\/div>\n\t\t<div class=\"elementor-element elementor-element-8a89bdb e-flex e-con-boxed e-con e-child\" data-id=\"8a89bdb\" data-element_type=\"container\" data-e-type=\"container\">\n\t\t\t\t\t<div class=\"e-con-inner\">\n\t\t\t\t<div class=\"elementor-element elementor-element-f4a2035 elementor-widget elementor-widget-heading\" data-id=\"f4a2035\" data-element_type=\"widget\" data-e-type=\"widget\" data-widget_type=\"heading.default\">\n\t\t\t\t<div class=\"elementor-widget-container\">\n\t\t\t\t\t<h3 class=\"elementor-heading-title elementor-size-default\">\u010cesk\u00e9 noviny<\/h3>\t\t\t\t<\/div>\n\t\t\t\t<\/div>\n\t\t\t\t<div class=\"elementor-element elementor-element-030d2cf elementor-widget elementor-widget-wp-widget-rss\" data-id=\"030d2cf\" data-element_type=\"widget\" data-e-type=\"widget\" data-widget_type=\"wp-widget-rss.default\">\n\t\t\t\t<div class=\"elementor-widget-container\">\n\t\t\t\t\t<h5><a class=\"rsswidget rss-widget-feed\" href=\"https:\/\/www.ceskenoviny.cz\/sluzby\/rss\/cr.php\"><img decoding=\"async\" class=\"rss-widget-icon\" style=\"border:0\" width=\"14\" height=\"14\" src=\"https:\/\/volebnisrovnavac.freshcrackers.cz\/wp-includes\/images\/rss.png\" alt=\"RSS\" \/><\/a> <a class=\"rsswidget rss-widget-title\" href=\"https:\/\/www.ceskenoviny.cz\/\">Zpr\u00e1vy z \u010cR<\/a><\/h5><ul><li><a class='rsswidget' href='https:\/\/www.ceskenoviny.cz\/zpravy\/kupka-vyzval-babisovu-vladu-aby-neprijimala-chaoticka-opatreni\/2809845?utm_source=rss&#038;utm_medium=feed'>Kupka vyzval Babi\u0161ovu vl\u00e1du, aby nep\u0159ij\u00edmala chaotick\u00e1 opat\u0159en\u00ed<\/a> <span class=\"rss-date\">16 dubna, 2026<\/span><\/li><li><a class='rsswidget' href='https:\/\/www.ceskenoviny.cz\/zpravy\/havlicek-variantou-na-zlevneni-energii-by-mohlo-byt-snizeni-regulovane-slozky\/2813401?utm_source=rss&#038;utm_medium=feed'>Havl\u00ed\u010dek: Variantou na zlevn\u011bn\u00ed energi\u00ed by mohlo b\u00fdt sn\u00ed\u017een\u00ed regulovan\u00e9 slo\u017eky<\/a> <span class=\"rss-date\">16 dubna, 2026<\/span><\/li><li><a class='rsswidget' href='https:\/\/www.ceskenoviny.cz\/zpravy\/macinka-se-svym-srbskym-protejskem-resil-migraci-i-vstup-belehradu-do-eu\/2813398?utm_source=rss&#038;utm_medium=feed'>Macinka se sv\u00fdm srbsk\u00fdm prot\u011bj\u0161kem \u0159e\u0161il migraci i vstup B\u011blehradu do EU<\/a> <span class=\"rss-date\">16 dubna, 2026<\/span><\/li><li><a class='rsswidget' href='https:\/\/www.ceskenoviny.cz\/zpravy\/soud-v-brne-dnes-ponechal-jirikovskeho-z-bitcoinove-kauzy-ve-vazbe\/2809802?utm_source=rss&#038;utm_medium=feed'>Soud v Brn\u011b dnes ponechal Ji\u0159ikovsk\u00e9ho z bitcoinov\u00e9 kauzy ve vazb\u011b<\/a> <span class=\"rss-date\">16 dubna, 2026<\/span><\/li><li><a class='rsswidget' href='https:\/\/www.ceskenoviny.cz\/zpravy\/na-summit-nato-by-podle-pavla-mohli-jet-on-i-babis-sejde-se-s-nim-pristi-tyden\/2813314?utm_source=rss&#038;utm_medium=feed'>Na summit NATO by podle Pavla mohli jet on i Babi\u0161, sejde se s n\u00edm p\u0159\u00ed\u0161t\u00ed t\u00fdden<\/a> <span class=\"rss-date\">16 dubna, 2026<\/span><\/li><li><a class='rsswidget' href='https:\/\/www.ceskenoviny.cz\/zpravy\/brnenska-primatorka-vankova-znovu-kandidovat-nebude-lidryni-bude-zlatuskova\/2813288?utm_source=rss&#038;utm_medium=feed'>Brn\u011bnsk\u00e1 prim\u00e1torka Va\u0148kov\u00e1 znovu kandidovat nebude, l\u00eddryn\u00ed bude Zlatu\u0161kov\u00e1<\/a> <span class=\"rss-date\">16 dubna, 2026<\/span><\/li><li><a class='rsswidget' href='https:\/\/www.ceskenoviny.cz\/zpravy\/byvaly-poslanec-feri-zustava-ve-vezeni-rozhodl-o-tom-ustecky-krajsky-soud\/2813277?utm_source=rss&#038;utm_medium=feed'>B\u00fdval\u00fd poslanec Feri z\u016fst\u00e1v\u00e1 ve v\u011bzen\u00ed, rozhodl o tom \u00fasteck\u00fd krajsk\u00fd soud<\/a> <span class=\"rss-date\">16 dubna, 2026<\/span><\/li><li><a class='rsswidget' href='https:\/\/www.ceskenoviny.cz\/zpravy\/vikend-prinese-teploty-az-20-stupnu-pote-se-ochladi\/2811728?utm_source=rss&#038;utm_medium=feed'>V\u00edkend p\u0159inese teploty a\u017e 20 stup\u0148\u016f, pot\u00e9 se ochlad\u00ed<\/a> <span class=\"rss-date\">16 dubna, 2026<\/span><\/li><li><a class='rsswidget' href='https:\/\/www.ceskenoviny.cz\/zpravy\/babis-se-setka-s-ruttem-projednaji-ceske-zavazky-a-armadu\/2812824?utm_source=rss&#038;utm_medium=feed'>Babi\u0161 se setk\u00e1 s Ruttem, projednaj\u00ed \u010desk\u00e9 z\u00e1vazky a arm\u00e1du<\/a> <span class=\"rss-date\">15 dubna, 2026<\/span><\/li><li><a class='rsswidget' href='https:\/\/www.ceskenoviny.cz\/zpravy\/macinka-zverejnil-diskutovany-rozhovor-armady-s-prezidentem-pavlem\/2811941?utm_source=rss&#038;utm_medium=feed'>Macinka zve\u0159ejnil diskutovan\u00fd rozhovor arm\u00e1dy s prezidentem Pavlem<\/a> <span class=\"rss-date\">15 dubna, 2026<\/span><\/li><\/ul>\t\t\t\t<\/div>\n\t\t\t\t<\/div>\n\t\t\t\t\t<\/div>\n\t\t\t\t<\/div>\n\t\t\t\t\t<\/div>\n\t\t\t\t<\/div>\n\t\t\t\t<\/div>\n\t\t","protected":false},"excerpt":{"rendered":"<p>Lidovky Hospod\u00e1\u0159sk\u00e9 noviny Parlamentn\u00ed listy \u010cesk\u00e9 noviny<\/p>\n","protected":false},"author":2,"featured_media":0,"parent":0,"menu_order":0,"comment_status":"closed","ping_status":"closed","template":"","meta":{"footnotes":""},"class_list":["post-11","page","type-page","status-publish"],"_links":{"self":[{"href":"https:\/\/volebnisrovnavac.freshcrackers.cz\/index.php?rest_route=\/wp\/v2\/pages\/11","targetHints":{"allow":["GET"]}}],"collection":[{"href":"https:\/\/volebnisrovnavac.freshcrackers.cz\/index.php?rest_route=\/wp\/v2\/pages"}],"about":[{"href":"https:\/\/volebnisrovnavac.freshcrackers.cz\/index.php?rest_route=\/wp\/v2\/types\/page"}],"author":[{"embeddable":true,"href":"https:\/\/volebnisrovnavac.freshcrackers.cz\/index.php?rest_route=\/wp\/v2\/users\/2"}],"replies":[{"embeddable":true,"href":"https:\/\/volebnisrovnavac.freshcrackers.cz\/index.php?rest_route=%2Fwp%2Fv2%2Fcomments&post=11"}],"version-history":[{"count":5,"href":"https:\/\/volebnisrovnavac.freshcrackers.cz\/index.php?rest_route=\/wp\/v2\/pages\/11\/revisions"}],"predecessor-version":[{"id":166,"href":"https:\/\/volebnisrovnavac.freshcrackers.cz\/index.php?rest_route=\/wp\/v2\/pages\/11\/revisions\/166"}],"wp:attachment":[{"href":"https:\/\/volebnisrovnavac.freshcrackers.cz\/index.php?rest_route=%2Fwp%2Fv2%2Fmedia&parent=11"}],"curies":[{"name":"wp","href":"https:\/\/api.w.org\/{rel}","templated":true}]}}